{"id":239,"date":"2011-03-11T09:30:16","date_gmt":"2011-03-11T08:30:16","guid":{"rendered":"http:\/\/www.dr-saftic.com\/blog\/"},"modified":"2017-01-11T15:52:37","modified_gmt":"2017-01-11T14:52:37","slug":"edukacije","status":"publish","type":"page","link":"https:\/\/www.dr-saftic.com\/blog\/edukacije\/","title":{"rendered":"Edukacije"},"content":{"rendered":"<p><strong>Lipanj 1996<\/strong> \u2013 Medicinski fakultet, Sveu\u010dili\u0161te u Zagrebu<\/p>\n<p><strong>Rujan 2001 \u2013 Prosinac 2001 \u2013 <\/strong>Usavr\u0161avanje&nbsp;iz neurokirurgije kralje\u0161nice \u2013 Rudolfstiftung Hospital, Be\u010d, Austrija<\/p>\n<p><strong>O\u017eujak 2006<\/strong> \u2013 Weill-Cornell seminar \u201cSpinalna neurokirurgija\u201d Salzburg, Austrija<\/p>\n<p><strong>Sije\u010danj 2007 <\/strong><strong>&#8211;<\/strong> <strong>Prosinac 2007<\/strong> \u2013 subspecijalizacija iz minimalno-invazivne kirurgije kralje\u0161nice, METRx sistem operiranja, &nbsp;Hospital Weill Cornell Medical Center, New York, SAD<\/p>\n<p><strong>Sije\u010danj 2007<\/strong> \u2013 28. me\u0111unarodni te\u010daj iz Perkutane Endoskopske Spinalne kirurgije komplementarnih minimalno-invazivnih tehnika, Bethania Hospital Zurich, \u0160vicarska<\/p>\n<p><strong>O\u017eujak 2008<\/strong> \u2013 Endoskopska kirurgija kralje\u0161nice \u2013 Zavod za spinalnu kirurgiju i terapiju boli, Centar za ortopediju, St. Anna-Hospital Herne, Njema\u010dka<\/p>\n<p><strong>Travanj 2008<em> &#8211;<\/em><\/strong> Interspinozni inplantati &#8211; HartmannSpital Vienna, Austriaj<\/p>\n<p><strong>Svibanj 2008<\/strong> \u2013 Laserska kirurgija kralje\u0161nice, Casa di Cura Villa Anna, San Benedetto del Tronto, and Casa di Cura Pierangeli, Pescara, Italija<\/p>\n","protected":false},"excerpt":{"rendered":"<p>Lipanj 1996 \u2013 Medicinski fakultet, Sveu\u010dili\u0161te u Zagrebu Rujan 2001 \u2013 Prosinac 2001 \u2013 Usavr\u0161avanje&nbsp;iz neurokirurgije kralje\u0161nice \u2013 Rudolfstiftung Hospital, Be\u010d, Austrija O\u017eujak 2006 \u2013 Weill-Cornell seminar \u201cSpinalna neurokirurgija\u201d Salzburg, Austrija Sije\u010danj 2007 &#8211; Prosinac 2007 \u2013 subspecijalizacija iz minimalno-invazivne kirurgije kralje\u0161nice, METRx sistem operiranja, &nbsp;Hospital Weill Cornell Medical Center, New York, SAD Sije\u010danj 2007 \u2013 28. me\u0111unarodni\u2026 <span class=\"read-more\"><a href=\"https:\/\/www.dr-saftic.com\/blog\/edukacije\/\">Read More &raquo;<\/a><\/span><\/p>\n","protected":false},"author":1,"featured_media":0,"parent":0,"menu_order":0,"comment_status":"closed","ping_status":"open","template":"","meta":{"ngg_post_thumbnail":0,"footnotes":""},"_links":{"self":[{"href":"https:\/\/www.dr-saftic.com\/blog\/wp-json\/wp\/v2\/pages\/239"}],"collection":[{"href":"https:\/\/www.dr-saftic.com\/blog\/wp-json\/wp\/v2\/pages"}],"about":[{"href":"https:\/\/www.dr-saftic.com\/blog\/wp-json\/wp\/v2\/types\/page"}],"author":[{"embeddable":true,"href":"https:\/\/www.dr-saftic.com\/blog\/wp-json\/wp\/v2\/users\/1"}],"replies":[{"embeddable":true,"href":"https:\/\/www.dr-saftic.com\/blog\/wp-json\/wp\/v2\/comments?post=239"}],"version-history":[{"count":4,"href":"https:\/\/www.dr-saftic.com\/blog\/wp-json\/wp\/v2\/pages\/239\/revisions"}],"predecessor-version":[{"id":1474,"href":"https:\/\/www.dr-saftic.com\/blog\/wp-json\/wp\/v2\/pages\/239\/revisions\/1474"}],"wp:attachment":[{"href":"https:\/\/www.dr-saftic.com\/blog\/wp-json\/wp\/v2\/media?parent=239"}],"curies":[{"name":"wp","href":"https:\/\/api.w.org\/{rel}","templated":true}]}}